{"id":88,"date":"2024-04-22T17:57:43","date_gmt":"2024-04-22T15:57:43","guid":{"rendered":"http:\/\/aufrered-portfolio.com\/portfolio\/?page_id=88"},"modified":"2024-04-22T20:36:31","modified_gmt":"2024-04-22T18:36:31","slug":"illustration-vectorielle","status":"publish","type":"page","link":"http:\/\/aufrered-portfolio.com\/portfolio\/illustration-vectorielle\/","title":{"rendered":"Illustrations Vectorielles"},"content":{"rendered":"<p>[et_pb_section fb_built=\u00a0\u00bb1&Prime; _builder_version=\u00a0\u00bb4.4.7&Prime; background_image=\u00a0\u00bbhttp:\/\/aufrered-portfolio.com\/portfolio\/wp-content\/uploads\/2024\/04\/Firefly-image-representant-les-illustration-53599-scaled.jpg\u00a0\u00bb min_height=\u00a0\u00bb475px\u00a0\u00bb max_height=\u00a0\u00bb475px\u00a0\u00bb filter_saturate=\u00a0\u00bb0%\u00a0\u00bb][et_pb_row _builder_version=\u00a0\u00bb4.4.7&Prime; custom_margin=\u00a0\u00bb70px|auto||auto||\u00a0\u00bb][et_pb_column type=\u00a0\u00bb4_4&Prime; _builder_version=\u00a0\u00bb4.4.7&Prime;][et_pb_text _builder_version=\u00a0\u00bb4.4.7&Prime; header_font=\u00a0\u00bbAllerta||||||||\u00a0\u00bb header_text_color=\u00a0\u00bb#ffffff\u00a0\u00bb header_font_size=\u00a0\u00bb60px\u00a0\u00bb header_2_font=\u00a0\u00bbAlef||||||||\u00a0\u00bb header_2_text_color=\u00a0\u00bb#ffffff\u00a0\u00bb header_2_font_size=\u00a0\u00bb40px\u00a0\u00bb]<\/p>\n<h1>Illustrations Vectorielles<\/h1>\n<p>[\/et_pb_text][\/et_pb_column][\/et_pb_row][\/et_pb_section][et_pb_section fb_built=\u00a0\u00bb1&Prime; _builder_version=\u00a0\u00bb4.4.7&Prime;][et_pb_row _builder_version=\u00a0\u00bb4.4.7&Prime;][et_pb_column type=\u00a0\u00bb4_4&Prime; _builder_version=\u00a0\u00bb4.4.7&Prime;][et_pb_text _builder_version=\u00a0\u00bb4.4.7&Prime; header_2_line_height=\u00a0\u00bb1.2em\u00a0\u00bb]<\/p>\n<h2>Logo final du projet ZONE51 et diff\u00e9rentes illustrations pour imager les activit\u00e9es de l&rsquo;\u00e9tablissement<\/h2>\n<p>[\/et_pb_text][et_pb_divider _builder_version=\u00a0\u00bb4.4.7&Prime;][\/et_pb_divider][\/et_pb_column][\/et_pb_row][et_pb_row column_structure=\u00a0\u00bb1_2,1_2&Prime; _builder_version=\u00a0\u00bb4.4.7&Prime;][et_pb_column type=\u00a0\u00bb1_2&Prime; _builder_version=\u00a0\u00bb4.4.7&Prime;][et_pb_image src=\u00a0\u00bbhttp:\/\/aufrered-portfolio.com\/portfolio\/wp-content\/uploads\/2024\/04\/Logo-final-z51.png\u00a0\u00bb title_text=\u00a0\u00bbLogo-final-z51&Prime; _builder_version=\u00a0\u00bb4.4.7&Prime; max_width=\u00a0\u00bb86%\u00a0\u00bb][\/et_pb_image][\/et_pb_column][et_pb_column type=\u00a0\u00bb1_2&Prime; _builder_version=\u00a0\u00bb4.4.7&Prime;][et_pb_gallery gallery_ids=\u00a0\u00bb50,48,49,45,46,47&Prime; show_title_and_caption=\u00a0\u00bboff\u00a0\u00bb _builder_version=\u00a0\u00bb4.4.7&Prime;][\/et_pb_gallery][\/et_pb_column][\/et_pb_row][\/et_pb_section]<\/p>\n","protected":false},"excerpt":{"rendered":"<p>Illustrations VectoriellesLogo final du projet ZONE51 et diff\u00e9rentes illustrations pour imager les activit\u00e9es de l&rsquo;\u00e9tablissement<\/p>\n","protected":false},"author":1,"featured_media":0,"parent":0,"menu_order":0,"comment_status":"closed","ping_status":"closed","template":"","meta":{"_et_pb_use_builder":"on","_et_pb_old_content":"","_et_gb_content_width":"","footnotes":""},"class_list":["post-88","page","type-page","status-publish","hentry"],"_links":{"self":[{"href":"http:\/\/aufrered-portfolio.com\/portfolio\/wp-json\/wp\/v2\/pages\/88","targetHints":{"allow":["GET"]}}],"collection":[{"href":"http:\/\/aufrered-portfolio.com\/portfolio\/wp-json\/wp\/v2\/pages"}],"about":[{"href":"http:\/\/aufrered-portfolio.com\/portfolio\/wp-json\/wp\/v2\/types\/page"}],"author":[{"embeddable":true,"href":"http:\/\/aufrered-portfolio.com\/portfolio\/wp-json\/wp\/v2\/users\/1"}],"replies":[{"embeddable":true,"href":"http:\/\/aufrered-portfolio.com\/portfolio\/wp-json\/wp\/v2\/comments?post=88"}],"version-history":[{"count":8,"href":"http:\/\/aufrered-portfolio.com\/portfolio\/wp-json\/wp\/v2\/pages\/88\/revisions"}],"predecessor-version":[{"id":191,"href":"http:\/\/aufrered-portfolio.com\/portfolio\/wp-json\/wp\/v2\/pages\/88\/revisions\/191"}],"wp:attachment":[{"href":"http:\/\/aufrered-portfolio.com\/portfolio\/wp-json\/wp\/v2\/media?parent=88"}],"curies":[{"name":"wp","href":"https:\/\/api.w.org\/{rel}","templated":true}]}}