{"id":79,"date":"2024-04-22T17:52:06","date_gmt":"2024-04-22T15:52:06","guid":{"rendered":"http:\/\/aufrered-portfolio.com\/portfolio\/?page_id=79"},"modified":"2024-10-14T18:13:21","modified_gmt":"2024-10-14T16:13:21","slug":"site-web","status":"publish","type":"page","link":"http:\/\/aufrered-portfolio.com\/portfolio\/site-web\/","title":{"rendered":"Sites web"},"content":{"rendered":"<p>[et_pb_section fb_built=\u00a0\u00bb1&Prime; _builder_version=\u00a0\u00bb4.4.7&Prime; background_image=\u00a0\u00bbhttp:\/\/aufrered-portfolio.com\/portfolio\/wp-content\/uploads\/2024\/04\/Firefly-image-representant-internet-52059-scaled.jpg\u00a0\u00bb min_height=\u00a0\u00bb475px\u00a0\u00bb max_height=\u00a0\u00bb475px\u00a0\u00bb filter_saturate=\u00a0\u00bb0%\u00a0\u00bb][et_pb_row _builder_version=\u00a0\u00bb4.4.7&Prime; custom_margin=\u00a0\u00bb70px|auto||auto||\u00a0\u00bb][et_pb_column type=\u00a0\u00bb4_4&Prime; _builder_version=\u00a0\u00bb4.4.7&Prime;][et_pb_text _builder_version=\u00a0\u00bb4.4.7&Prime; header_font=\u00a0\u00bbAllerta||||||||\u00a0\u00bb header_text_color=\u00a0\u00bb#ffffff\u00a0\u00bb header_font_size=\u00a0\u00bb60px\u00a0\u00bb header_2_font=\u00a0\u00bbAlef||||||||\u00a0\u00bb header_2_text_color=\u00a0\u00bb#ffffff\u00a0\u00bb header_2_font_size=\u00a0\u00bb40px\u00a0\u00bb]<\/p>\n<h1>Sites Web<\/h1>\n<p>[\/et_pb_text][\/et_pb_column][\/et_pb_row][\/et_pb_section][et_pb_section fb_built=\u00a0\u00bb1&Prime; _builder_version=\u00a0\u00bb4.4.7&Prime; custom_padding=\u00a0\u00bb34px||10px|||\u00a0\u00bb][et_pb_row _builder_version=\u00a0\u00bb4.4.7&Prime;][et_pb_column type=\u00a0\u00bb4_4&Prime; _builder_version=\u00a0\u00bb4.4.7&Prime;][et_pb_text _builder_version=\u00a0\u00bb4.4.7&Prime; text_orientation=\u00a0\u00bbcenter\u00a0\u00bb]<\/p>\n<h2>Sur cette page je vous pr\u00e9sente diff\u00e9rents sites sur lesquelles j&rsquo;ai travaill\u00e9 tout au long de mon apprentissage.<\/h2>\n<p>[\/et_pb_text][et_pb_divider divider_weight=\u00a0\u00bb2px\u00a0\u00bb _builder_version=\u00a0\u00bb4.4.7&Prime; width=\u00a0\u00bb100%\u00a0\u00bb max_width=\u00a0\u00bb64%\u00a0\u00bb module_alignment=\u00a0\u00bbcenter\u00a0\u00bb][\/et_pb_divider][\/et_pb_column][\/et_pb_row][\/et_pb_section][et_pb_section fb_built=\u00a0\u00bb1&Prime; _builder_version=\u00a0\u00bb4.4.7&Prime;][et_pb_row column_structure=\u00a0\u00bb1_2,1_2&Prime; _builder_version=\u00a0\u00bb4.4.7&Prime;][et_pb_column type=\u00a0\u00bb1_2&Prime; _builder_version=\u00a0\u00bb4.4.7&Prime; custom_padding=\u00a0\u00bb50px||||false|false\u00a0\u00bb][et_pb_text _builder_version=\u00a0\u00bb4.4.7&Prime; text_font=\u00a0\u00bbAllerta||||||||\u00a0\u00bb header_text_color=\u00a0\u00bb#f7bc56&Prime; header_2_text_color=\u00a0\u00bb#f7bc56&Prime; header_3_font=\u00a0\u00bb|300|on||||||\u00a0\u00bb header_3_text_color=\u00a0\u00bb#f7bc56&Prime; header_3_font_size=\u00a0\u00bb18px\u00a0\u00bb]<\/p>\n<h2>Post Malone<\/h2>\n<h3>WordPress &#8211; Elementor<\/h3>\n<p>&nbsp;<\/p>\n<p>Lors d\u2019un exercice pour mettre en pratique l\u2019apprentissage du builder Elementor, on a d\u00fb cr\u00e9e dans un temps limit\u00e9, une fanpage sur un artiste au choix.<\/p>\n<p>[\/et_pb_text][et_pb_button button_url=\u00a0\u00bbhttp:\/\/aufrered-portfolio.com\/pmfp\/post-malone-3\/\u00a0\u00bb url_new_window=\u00a0\u00bbon\u00a0\u00bb button_text=\u00a0\u00bbVoir le Site\u00a0\u00bb _builder_version=\u00a0\u00bb4.4.7&Prime; custom_button=\u00a0\u00bbon\u00a0\u00bb button_border_width=\u00a0\u00bb2px\u00a0\u00bb button_border_radius=\u00a0\u00bb33px\u00a0\u00bb button_font=\u00a0\u00bbAlef||||||||\u00a0\u00bb button_icon=\u00a0\u00bb%%36%%\u00a0\u00bb hover_enabled=\u00a0\u00bb0&Prime;][\/et_pb_button][\/et_pb_column][et_pb_column type=\u00a0\u00bb1_2&Prime; _builder_version=\u00a0\u00bb4.4.7&Prime;][et_pb_image src=\u00a0\u00bbhttp:\/\/aufrered-portfolio.com\/portfolio\/wp-content\/uploads\/2024\/04\/Plan-de-travail-1_2-100.jpg\u00a0\u00bb title_text=\u00a0\u00bbPlan de travail 1_2-100&Prime; _builder_version=\u00a0\u00bb4.4.7&Prime; border_radii=\u00a0\u00bbon|30px|30px|30px|30px\u00a0\u00bb][\/et_pb_image][\/et_pb_column][\/et_pb_row][\/et_pb_section][et_pb_section fb_built=\u00a0\u00bb1&Prime; _builder_version=\u00a0\u00bb4.4.7&Prime;][et_pb_row column_structure=\u00a0\u00bb1_2,1_2&Prime; _builder_version=\u00a0\u00bb4.4.7&Prime;][et_pb_column type=\u00a0\u00bb1_2&Prime; _builder_version=\u00a0\u00bb4.4.7&Prime;][et_pb_image src=\u00a0\u00bbhttp:\/\/aufrered-portfolio.com\/portfolio\/wp-content\/uploads\/2024\/04\/Plan-de-travail-1_5-100-1.jpg\u00a0\u00bb title_text=\u00a0\u00bbPlan de travail 1_5-100&Prime; _builder_version=\u00a0\u00bb4.4.7&Prime; filter_saturate=\u00a0\u00bb0%\u00a0\u00bb border_radii=\u00a0\u00bbon|30px|30px|30px|30px\u00a0\u00bb][\/et_pb_image][\/et_pb_column][et_pb_column type=\u00a0\u00bb1_2&Prime; _builder_version=\u00a0\u00bb4.4.7&Prime; custom_padding=\u00a0\u00bb50px||||false|false\u00a0\u00bb][et_pb_text _builder_version=\u00a0\u00bb4.4.7&Prime; text_font=\u00a0\u00bbAllerta||||||||\u00a0\u00bb header_text_color=\u00a0\u00bb#f7bc56&Prime; header_2_text_color=\u00a0\u00bb#f7bc56&Prime; header_3_font=\u00a0\u00bb|300|on||||||\u00a0\u00bb header_3_text_color=\u00a0\u00bb#f7bc56&Prime; header_3_font_size=\u00a0\u00bb18px\u00a0\u00bb]<\/p>\n<h2>Journ\u00e9es Gastronomiques de Sologne<\/h2>\n<h3>WordPress &#8211; Divi<\/h3>\n<p>&nbsp;<\/p>\n<p>Pendant ma p\u00e9riode de stage en entreprise, j\u2019ai eu pour mission de refaire le site web des Journ\u00e9es Gastronomiques de Sologne.<\/p>\n<p>[\/et_pb_text][et_pb_button button_url=\u00a0\u00bbhttps:\/\/jgs.romorantin.com\/\u00a0\u00bb url_new_window=\u00a0\u00bbon\u00a0\u00bb button_text=\u00a0\u00bbVoir le Site\u00a0\u00bb _builder_version=\u00a0\u00bb4.4.7&Prime; custom_button=\u00a0\u00bbon\u00a0\u00bb button_border_width=\u00a0\u00bb2px\u00a0\u00bb button_border_radius=\u00a0\u00bb33px\u00a0\u00bb button_font=\u00a0\u00bbAlef||||||||\u00a0\u00bb button_icon=\u00a0\u00bb%%36%%\u00a0\u00bb][\/et_pb_button][\/et_pb_column][\/et_pb_row][\/et_pb_section]<\/p>\n","protected":false},"excerpt":{"rendered":"<p>Sites WebSur cette page je vous pr\u00e9sente diff\u00e9rents sites sur lesquelles j&rsquo;ai travaill\u00e9 tout au long de mon apprentissage.Post Malone WordPress &#8211; Elementor &nbsp; Lors d\u2019un exercice pour mettre en pratique l\u2019apprentissage du builder Elementor, on a d\u00fb cr\u00e9e dans un temps limit\u00e9, une fanpage sur un artiste au choix.Journ\u00e9es Gastronomiques de Sologne WordPress &#8211; [&hellip;]<\/p>\n","protected":false},"author":1,"featured_media":0,"parent":0,"menu_order":0,"comment_status":"closed","ping_status":"closed","template":"","meta":{"_et_pb_use_builder":"on","_et_pb_old_content":"","_et_gb_content_width":"","footnotes":""},"class_list":["post-79","page","type-page","status-publish","hentry"],"_links":{"self":[{"href":"http:\/\/aufrered-portfolio.com\/portfolio\/wp-json\/wp\/v2\/pages\/79","targetHints":{"allow":["GET"]}}],"collection":[{"href":"http:\/\/aufrered-portfolio.com\/portfolio\/wp-json\/wp\/v2\/pages"}],"about":[{"href":"http:\/\/aufrered-portfolio.com\/portfolio\/wp-json\/wp\/v2\/types\/page"}],"author":[{"embeddable":true,"href":"http:\/\/aufrered-portfolio.com\/portfolio\/wp-json\/wp\/v2\/users\/1"}],"replies":[{"embeddable":true,"href":"http:\/\/aufrered-portfolio.com\/portfolio\/wp-json\/wp\/v2\/comments?post=79"}],"version-history":[{"count":17,"href":"http:\/\/aufrered-portfolio.com\/portfolio\/wp-json\/wp\/v2\/pages\/79\/revisions"}],"predecessor-version":[{"id":280,"href":"http:\/\/aufrered-portfolio.com\/portfolio\/wp-json\/wp\/v2\/pages\/79\/revisions\/280"}],"wp:attachment":[{"href":"http:\/\/aufrered-portfolio.com\/portfolio\/wp-json\/wp\/v2\/media?parent=79"}],"curies":[{"name":"wp","href":"https:\/\/api.w.org\/{rel}","templated":true}]}}