{"id":102,"date":"2024-04-22T18:00:19","date_gmt":"2024-04-22T16:00:19","guid":{"rendered":"http:\/\/aufrered-portfolio.com\/portfolio\/?page_id=102"},"modified":"2024-04-22T20:36:39","modified_gmt":"2024-04-22T18:36:39","slug":"video-et-animation","status":"publish","type":"page","link":"http:\/\/aufrered-portfolio.com\/portfolio\/video-et-animation\/","title":{"rendered":"Vid\u00e9os et animations"},"content":{"rendered":"<p>[et_pb_section fb_built=\u00a0\u00bb1&Prime; _builder_version=\u00a0\u00bb4.4.7&Prime; background_image=\u00a0\u00bbhttp:\/\/aufrered-portfolio.com\/portfolio\/wp-content\/uploads\/2024\/04\/Firefly-animation-video-53599-scaled.jpg\u00a0\u00bb min_height=\u00a0\u00bb475px\u00a0\u00bb max_height=\u00a0\u00bb475px\u00a0\u00bb filter_saturate=\u00a0\u00bb0%\u00a0\u00bb][et_pb_row _builder_version=\u00a0\u00bb4.4.7&Prime; custom_margin=\u00a0\u00bb70px|auto||auto||\u00a0\u00bb][et_pb_column type=\u00a0\u00bb4_4&Prime; _builder_version=\u00a0\u00bb4.4.7&Prime;][et_pb_text _builder_version=\u00a0\u00bb4.4.7&Prime; header_font=\u00a0\u00bbAllerta||||||||\u00a0\u00bb header_text_color=\u00a0\u00bb#ffffff\u00a0\u00bb header_font_size=\u00a0\u00bb60px\u00a0\u00bb header_2_font=\u00a0\u00bbAlef||||||||\u00a0\u00bb header_2_text_color=\u00a0\u00bb#ffffff\u00a0\u00bb header_2_font_size=\u00a0\u00bb40px\u00a0\u00bb]<\/p>\n<h1>Vid\u00e9os et Animations<\/h1>\n<p>[\/et_pb_text][\/et_pb_column][\/et_pb_row][\/et_pb_section][et_pb_section fb_built=\u00a0\u00bb1&Prime; _builder_version=\u00a0\u00bb4.4.7&Prime;][et_pb_row _builder_version=\u00a0\u00bb4.4.7&Prime;][et_pb_column type=\u00a0\u00bb4_4&Prime; _builder_version=\u00a0\u00bb4.4.7&Prime;][et_pb_text _builder_version=\u00a0\u00bb4.4.7&Prime; header_2_font=\u00a0\u00bbAlef||||||||\u00a0\u00bb header_2_text_color=\u00a0\u00bb#000000&Prime;]<\/p>\n<h2>Diff\u00e9rentes animations et vid\u00e9os r\u00e9alis\u00e9es sur AfterEffect<\/h2>\n<p>[\/et_pb_text][et_pb_divider _builder_version=\u00a0\u00bb4.4.7&Prime;][\/et_pb_divider][\/et_pb_column][\/et_pb_row][et_pb_row column_structure=\u00a0\u00bb1_3,1_3,1_3&Prime; _builder_version=\u00a0\u00bb4.4.7&Prime;][et_pb_column type=\u00a0\u00bb1_3&Prime; _builder_version=\u00a0\u00bb4.4.7&Prime;][et_pb_video src=\u00a0\u00bbhttp:\/\/aufrered-portfolio.com\/portfolio\/wp-content\/uploads\/2024\/04\/Z51-AE.mp4&Prime; thumbnail_overlay_color=\u00a0\u00bbrgba(0,0,0,0.6)\u00a0\u00bb _builder_version=\u00a0\u00bb4.4.7&Prime; width=\u00a0\u00bb100%\u00a0\u00bb custom_margin=\u00a0\u00bb||74px|||\u00a0\u00bb][\/et_pb_video][et_pb_video src=\u00a0\u00bbhttp:\/\/aufrered-portfolio.com\/portfolio\/wp-content\/uploads\/2024\/04\/wakeee.mp4&Prime; src_webm=\u00a0\u00bbhttp:\/\/aufrered-portfolio.com\/portfolio\/wp-content\/uploads\/2024\/04\/IREEZ.mp4&Prime; _builder_version=\u00a0\u00bb4.4.7&Prime; custom_margin=\u00a0\u00bb2px|||||\u00a0\u00bb][\/et_pb_video][\/et_pb_column][et_pb_column type=\u00a0\u00bb1_3&Prime; _builder_version=\u00a0\u00bb4.4.7&Prime;][et_pb_video src=\u00a0\u00bbhttp:\/\/aufrered-portfolio.com\/portfolio\/wp-content\/uploads\/2024\/04\/video-z51.mp4&Prime; _builder_version=\u00a0\u00bb4.4.7&Prime; width=\u00a0\u00bb100%\u00a0\u00bb max_width=\u00a0\u00bb100%\u00a0\u00bb][\/et_pb_video][et_pb_video src=\u00a0\u00bbhttp:\/\/aufrered-portfolio.com\/portfolio\/wp-content\/uploads\/2024\/04\/IREEZ.mp4&Prime; src_webm=\u00a0\u00bbhttp:\/\/aufrered-portfolio.com\/portfolio\/wp-content\/uploads\/2024\/04\/IREEZ.mp4&Prime; _builder_version=\u00a0\u00bb4.4.7&Prime; min_height=\u00a0\u00bb169.2px\u00a0\u00bb custom_margin=\u00a0\u00bb50px|||||\u00a0\u00bb][\/et_pb_video][\/et_pb_column][et_pb_column type=\u00a0\u00bb1_3&Prime; _builder_version=\u00a0\u00bb4.4.7&Prime;][et_pb_video src=\u00a0\u00bbhttp:\/\/aufrered-portfolio.com\/portfolio\/wp-content\/uploads\/2024\/04\/loading-Z51.mp4&Prime; src_webm=\u00a0\u00bbhttp:\/\/aufrered-portfolio.com\/portfolio\/wp-content\/uploads\/2024\/04\/IREEZ.mp4&Prime; _builder_version=\u00a0\u00bb4.4.7&Prime;][\/et_pb_video][\/et_pb_column][\/et_pb_row][\/et_pb_section]<\/p>\n","protected":false},"excerpt":{"rendered":"<p>Vid\u00e9os et AnimationsDiff\u00e9rentes animations et vid\u00e9os r\u00e9alis\u00e9es sur AfterEffect<\/p>\n","protected":false},"author":1,"featured_media":0,"parent":0,"menu_order":0,"comment_status":"closed","ping_status":"closed","template":"","meta":{"_et_pb_use_builder":"on","_et_pb_old_content":"","_et_gb_content_width":"","footnotes":""},"class_list":["post-102","page","type-page","status-publish","hentry"],"_links":{"self":[{"href":"http:\/\/aufrered-portfolio.com\/portfolio\/wp-json\/wp\/v2\/pages\/102","targetHints":{"allow":["GET"]}}],"collection":[{"href":"http:\/\/aufrered-portfolio.com\/portfolio\/wp-json\/wp\/v2\/pages"}],"about":[{"href":"http:\/\/aufrered-portfolio.com\/portfolio\/wp-json\/wp\/v2\/types\/page"}],"author":[{"embeddable":true,"href":"http:\/\/aufrered-portfolio.com\/portfolio\/wp-json\/wp\/v2\/users\/1"}],"replies":[{"embeddable":true,"href":"http:\/\/aufrered-portfolio.com\/portfolio\/wp-json\/wp\/v2\/comments?post=102"}],"version-history":[{"count":10,"href":"http:\/\/aufrered-portfolio.com\/portfolio\/wp-json\/wp\/v2\/pages\/102\/revisions"}],"predecessor-version":[{"id":192,"href":"http:\/\/aufrered-portfolio.com\/portfolio\/wp-json\/wp\/v2\/pages\/102\/revisions\/192"}],"wp:attachment":[{"href":"http:\/\/aufrered-portfolio.com\/portfolio\/wp-json\/wp\/v2\/media?parent=102"}],"curies":[{"name":"wp","href":"https:\/\/api.w.org\/{rel}","templated":true}]}}